{"id":39,"date":"2022-02-10T12:26:25","date_gmt":"2022-02-10T12:26:25","guid":{"rendered":"http:\/\/multimodus.ipportalegre.pt\/2022\/?page_id=39"},"modified":"2022-06-07T08:28:51","modified_gmt":"2022-06-07T08:28:51","slug":"committees","status":"publish","type":"page","link":"https:\/\/multimodus.ipportalegre.pt\/2022\/committees\/","title":{"rendered":"Committees"},"content":{"rendered":"\n<div style=\"height:40px\" aria-hidden=\"true\" class=\"wp-block-spacer\"><\/div>\n\n\n\n<p class=\"has-medium-font-size\"><strong>Organizing Committee<\/strong><\/p>\n\n\n\n<p>Jo\u00e3o Cordeiro | IPP-ESTG, IPT-Techn&amp;Art, UCP-CITAR<\/p>\n\n\n\n<p>Magda Cordas | IPP-ESTG, GII<\/p>\n\n\n\n<div style=\"height:41px\" aria-hidden=\"true\" class=\"wp-block-spacer\"><\/div>\n\n\n\n<p class=\"has-medium-font-size\"><strong>Scientific Committee<\/strong><\/p>\n\n\n\n<p><a href=\"https:\/\/opendata.unex.es\/investiga\/investigadores\/35daf3e528666483efb1124489e9af07\" data-type=\"URL\" data-id=\"https:\/\/opendata.unex.es\/investiga\/investigadores\/35daf3e528666483efb1124489e9af07\" target=\"_blank\" rel=\"noreferrer noopener\">\u00c1lex Iv\u00e1n Ar\u00e9valo Salinas<\/a> | University of Extremadura<\/p>\n\n\n\n<p><a rel=\"noreferrer noopener\" href=\"https:\/\/www.usj.edu.mo\/en\/faculty-directory\/alvaro-barbosa\/\" data-type=\"URL\" data-id=\"https:\/\/www.usj.edu.mo\/en\/faculty-directory\/alvaro-barbosa\/\" target=\"_blank\">\u00c1lvaro Barbosa<\/a> | University of Saint Joseph<\/p>\n\n\n\n<p><a rel=\"noreferrer noopener\" href=\"https:\/\/estg.ipportalegre.pt\/recursos\/os-nossos-docentes\/docente\/?id=20009\" target=\"_blank\">Ana Paula Gaspar<\/a> | IPP-ESTG, GII<\/p>\n\n\n\n<p><a href=\"http:\/\/www.ipb.pt\/~analucia.pinto\/\" data-type=\"URL\" data-id=\"http:\/\/www.ipb.pt\/~analucia.pinto\/\" target=\"_blank\" rel=\"noreferrer noopener\">Ana L\u00facia Pinto<\/a> | CIEC &#8211; IPB<\/p>\n\n\n\n<p><a rel=\"noreferrer noopener\" href=\"https:\/\/www.cisuc.uc.pt\/en\/people\/avperrotta\" data-type=\"URL\" data-id=\"https:\/\/www.cisuc.uc.pt\/en\/people\/avperrotta\" target=\"_blank\">Andr\u00e9 Perrotta<\/a> | University of Coimbra<\/p>\n\n\n\n<p><a href=\"http:\/\/andrerangel.pt\/\" data-type=\"URL\" data-id=\"http:\/\/andrerangel.pt\/\" target=\"_blank\" rel=\"noreferrer noopener\">Andr\u00e9 Rangel<\/a> | CITAR \/ FBA-UP \/ i2ADS<\/p>\n\n\n\n<p><a rel=\"noreferrer noopener\" href=\"https:\/\/fchs.ualg.pt\/bio\/amvalente\" data-type=\"URL\" data-id=\"https:\/\/fchs.ualg.pt\/bio\/amvalente\" target=\"_blank\">Ant\u00f3nio Costa Valente<\/a> | University of Algarve<\/p>\n\n\n\n<p><a href=\"https:\/\/rtf.utexas.edu\/faculty\/ben-bays\" data-type=\"URL\" data-id=\"https:\/\/rtf.utexas.edu\/faculty\/ben-bays\" target=\"_blank\" rel=\"noreferrer noopener\">Ben Bays<\/a> | University of Austin<\/p>\n\n\n\n<p><a href=\"https:\/\/ciac.pt\/pt-2\/bruno-mendes-da-silva\" data-type=\"URL\" data-id=\"https:\/\/ciac.pt\/pt-2\/bruno-mendes-da-silva\" target=\"_blank\" rel=\"noreferrer noopener\">Bruno Mendes da Silva<\/a> | University of Algarve<\/p>\n\n\n\n<p><a href=\"https:\/\/www.usj.edu.mo\/en\/faculty-directory\/carlos-sena-caires\/\" data-type=\"URL\" data-id=\"https:\/\/www.usj.edu.mo\/en\/faculty-directory\/carlos-sena-caires\/\" target=\"_blank\" rel=\"noreferrer noopener\">Carlos Caires<\/a> | University of Saint Joseph<\/p>\n\n\n\n<p><a href=\"https:\/\/staffprofiles.bournemouth.ac.uk\/display\/cbrylla\" data-type=\"URL\" data-id=\"https:\/\/staffprofiles.bournemouth.ac.uk\/display\/cbrylla\" target=\"_blank\" rel=\"noreferrer noopener\">Catalin Brylla<\/a> | Bournemouth University<\/p>\n\n\n\n<p><a rel=\"noreferrer noopener\" href=\"https:\/\/www.ua.pt\/pt\/p\/16609802\" data-type=\"URL\" data-id=\"https:\/\/www.ua.pt\/pt\/p\/16609802\" target=\"_blank\">Catarina L\u00e9lis<\/a> | Department of Communication and Art, UA<\/p>\n\n\n\n<p><a href=\"https:\/\/www.porto.ucp.pt\/pt\/cv-daniel-ribas\" data-type=\"URL\" data-id=\"https:\/\/www.porto.ucp.pt\/pt\/cv-daniel-ribas\" target=\"_blank\" rel=\"noreferrer noopener\">Daniel Ribas<\/a> | CITAR &#8211; UCP<\/p>\n\n\n\n<p><a rel=\"noreferrer noopener\" href=\"https:\/\/uclic.ucl.ac.uk\/people\/francisco-bernardo\" data-type=\"URL\" data-id=\"https:\/\/uclic.ucl.ac.uk\/people\/francisco-bernardo\" target=\"_blank\">Francisco Bernardo<\/a> | University College of London<\/p>\n\n\n\n<p><a href=\"https:\/\/novaresearch.unl.pt\/en\/persons\/francisco-rui-c%C3%A1dima\" data-type=\"URL\" data-id=\"https:\/\/novaresearch.unl.pt\/en\/persons\/francisco-rui-c%C3%A1dima\" target=\"_blank\" rel=\"noreferrer noopener\">Francisco Rui C\u00e1dima<\/a> | Universidade NOVA de Lisboa<\/p>\n\n\n\n<p><a href=\"https:\/\/www.usj.edu.mo\/en\/faculty-directory\/gerald-estadieu\/\" data-type=\"URL\" data-id=\"https:\/\/www.usj.edu.mo\/en\/faculty-directory\/gerald-estadieu\/\" target=\"_blank\" rel=\"noreferrer noopener\">Gerald Estadieu<\/a> | University of Saint Joseph<\/p>\n\n\n\n<p><a rel=\"noreferrer noopener\" href=\"https:\/\/estg.ipportalegre.pt\/recursos\/os-nossos-docentes\/docente\/?id=20039\" data-type=\"URL\" data-id=\"https:\/\/estg.ipportalegre.pt\/recursos\/os-nossos-docentes\/docente\/?id=20039\" target=\"_blank\">Helena Major<\/a> | IPP-ESTG, GII<\/p>\n\n\n\n<p><a rel=\"noreferrer noopener\" href=\"https:\/\/www.henriqueportovedo.com\/\" data-type=\"URL\" data-id=\"https:\/\/www.henriqueportovedo.com\/\" target=\"_blank\">Henrique Portovedo<\/a> | University of Aveiro<\/p>\n\n\n\n<p><a href=\"https:\/\/www.ulusofona.pt\/docentes\/ines-godinho-mendes-viveiros-gil\" data-type=\"URL\" data-id=\"https:\/\/www.ulusofona.pt\/docentes\/ines-godinho-mendes-viveiros-gil\" target=\"_blank\" rel=\"noreferrer noopener\">In\u00eas Gil<\/a> | Lus\u00f3fona University<\/p>\n\n\n\n<p><a rel=\"noreferrer noopener\" href=\"https:\/\/estg.ipportalegre.pt\/pt\/recursos\/os-nossos-docentes\/docente\/?id=200287\" data-type=\"URL\" data-id=\"https:\/\/estg.ipportalegre.pt\/pt\/recursos\/os-nossos-docentes\/docente\/?id=200287\" target=\"_blank\">Jo\u00e3o Cordeiro<\/a> | IPP-ESTG, Techn&amp;Art, CITAR<\/p>\n\n\n\n<p><a href=\"https:\/\/www.uwl.ac.uk\/staff\/jonathon-crewe\" data-type=\"URL\" data-id=\"https:\/\/www.uwl.ac.uk\/staff\/jonathon-crewe\" target=\"_blank\" rel=\"noreferrer noopener\">Jonathon Crewe<\/a> | University of West London<\/p>\n\n\n\n<p><a rel=\"noreferrer noopener\" href=\"https:\/\/www.unex.es\/conoce-la-uex\/centros\/alcazaba\/centro\/profesores\/info\/profesor?id_pro=jlvalcre\" data-type=\"URL\" data-id=\"https:\/\/www.unex.es\/conoce-la-uex\/centros\/alcazaba\/centro\/profesores\/info\/profesor?id_pro=jlvalcre\" target=\"_blank\">Jos\u00e9 Luiz Valhondo Creco<\/a> | ARDOOPA &#8211; UEx<\/p>\n\n\n\n<p><a rel=\"noreferrer noopener\" href=\"https:\/\/estg.ipportalegre.pt\/recursos\/os-nossos-docentes\/docente\/?id=20198\" data-type=\"URL\" data-id=\"https:\/\/estg.ipportalegre.pt\/recursos\/os-nossos-docentes\/docente\/?id=20198\" target=\"_blank\">Jos\u00e9 Maia<\/a> | IPP-ESTG, GII, iNOVA Media Lab<\/p>\n\n\n\n<p><a rel=\"noreferrer noopener\" href=\"https:\/\/artes.porto.ucp.pt\/pt\/cv-jose-vasco-carvalho\" data-type=\"URL\" data-id=\"https:\/\/artes.porto.ucp.pt\/pt\/cv-jose-vasco-carvalho\" target=\"_blank\">Jos\u00e9 Vasco Carvalho<\/a> | UCP &#8211; CITAR<\/p>\n\n\n\n<p>J<a href=\"http:\/\/www.jasg.net\" data-type=\"URL\" data-id=\"www.jasg.net\" target=\"_blank\" rel=\"noreferrer noopener\">os\u00e9 Alberto Gomes<\/a> | UCP &#8211; CITAR<\/p>\n\n\n\n<p><a rel=\"noreferrer noopener\" href=\"https:\/\/estg.ipportalegre.pt\/recursos\/os-nossos-docentes\/docente\/?id=20063\" data-type=\"URL\" data-id=\"https:\/\/estg.ipportalegre.pt\/recursos\/os-nossos-docentes\/docente\/?id=20063\" target=\"_blank\">Jos\u00e9lia Pedro<\/a> | IPP-ESTG, GII<\/p>\n\n\n\n<p><a href=\"https:\/\/pure.fh-ooe.at\/en\/persons\/j%C3%BCrgen-hagler\" data-type=\"URL\" data-id=\"https:\/\/pure.fh-ooe.at\/en\/persons\/j%C3%BCrgen-hagler\" target=\"_blank\" rel=\"noreferrer noopener\">Juergen Hagler<\/a> | University of Applied Sciences Upper Austria<\/p>\n\n\n\n<p><a href=\"https:\/\/idmais.org\/pt-pt\/member\/katja-tschimmel\/\" data-type=\"URL\" data-id=\"https:\/\/idmais.org\/pt-pt\/member\/katja-tschimmel\/\" target=\"_blank\" rel=\"noreferrer noopener\">Katja Tschimmel<\/a> | ID+, Mindshake<\/p>\n\n\n\n<p><a rel=\"noreferrer noopener\" href=\"https:\/\/estg.ipportalegre.pt\/pt\/recursos\/os-nossos-docentes\/docente\/?id=20077\" data-type=\"URL\" data-id=\"https:\/\/estg.ipportalegre.pt\/pt\/recursos\/os-nossos-docentes\/docente\/?id=20077\" target=\"_blank\">Magda Cordas<\/a> | ESTG &#8211; IPP, GII<\/p>\n\n\n\n<p><a href=\"https:\/\/www.fcsh.unl.pt\/faculdade\/docentes\/pgvicente\/\" data-type=\"URL\" data-id=\"https:\/\/www.fcsh.unl.pt\/faculdade\/docentes\/pgvicente\/\" target=\"_blank\" rel=\"noreferrer noopener\">Paulo Nuno Vicente<\/a> | iNOVA Media Lab &#8211; UNL<\/p>\n\n\n\n<p><a rel=\"noreferrer noopener\" href=\"https:\/\/cinemaeartes.ulusofona.pt\/pt\/departamento\/16-professores\/160-pauloviveiros\" data-type=\"URL\" data-id=\"https:\/\/cinemaeartes.ulusofona.pt\/pt\/departamento\/16-professores\/160-pauloviveiros\" target=\"_blank\">Paulo Viveiros<\/a> | Lus\u00f3fona University<\/p>\n\n\n\n<p><a rel=\"noreferrer noopener\" href=\"https:\/\/artes.porto.ucp.pt\/pt\/cv-pedro-alves\" data-type=\"URL\" data-id=\"https:\/\/artes.porto.ucp.pt\/pt\/cv-pedro-alves\" target=\"_blank\">Pedro Alves<\/a> | CITAR &#8211; UCP<\/p>\n\n\n\n<p><a rel=\"noreferrer noopener\" href=\"https:\/\/estg.ipportalegre.pt\/recursos\/os-nossos-docentes\/docente\/?id=20104\" data-type=\"URL\" data-id=\"https:\/\/estg.ipportalegre.pt\/recursos\/os-nossos-docentes\/docente\/?id=20104\" target=\"_blank\">Pedro Matos<\/a> | IPP-ESTG, IPT-Techn&amp;Art, GII<\/p>\n\n\n\n<p><a href=\"https:\/\/www.cienciavitae.pt\/portal\/2714-8A7B-5CCA\" data-type=\"URL\" data-id=\"https:\/\/www.cienciavitae.pt\/portal\/2714-8A7B-5CCA\" target=\"_blank\" rel=\"noreferrer noopener\">Pedro Pestana<\/a> | Universidade Aberta<\/p>\n\n\n\n<p><a rel=\"noreferrer noopener\" href=\"https:\/\/cinemaeartes.ulusofona.pt\/pt\/departamento\/16-professores\/193-pedroserrazina\" data-type=\"URL\" data-id=\"https:\/\/cinemaeartes.ulusofona.pt\/pt\/departamento\/16-professores\/193-pedroserrazina\" target=\"_blank\">Pedro Serrazina<\/a> | Lus\u00f3fona University<\/p>\n\n\n\n<p><a href=\"https:\/\/www.wook.pt\/autor\/pedro-moura\/3122415\" data-type=\"URL\" data-id=\"https:\/\/www.wook.pt\/autor\/pedro-moura\/3122415\" target=\"_blank\" rel=\"noreferrer noopener\">Pedro Vieira de Moura<\/a> | Polytechnic Institute of Leiria<\/p>\n\n\n\n<p><a rel=\"noreferrer noopener\" href=\"https:\/\/cicant.ulusofona.pt\/research\/people\/phd-students\/250-rafael-antunes\" data-type=\"URL\" data-id=\"https:\/\/cicant.ulusofona.pt\/research\/people\/phd-students\/250-rafael-antunes\" target=\"_blank\">Rafael Antunes<\/a> | Lus\u00f3fona University<\/p>\n\n\n\n<p><a href=\"https:\/\/cicant.ulusofona.pt\/research\/people\/integrated-researchers\/225-raquel-castro\" data-type=\"URL\" data-id=\"https:\/\/cicant.ulusofona.pt\/research\/people\/integrated-researchers\/225-raquel-castro\">Raquel Castro<\/a> | CICANT &#8211; Lus\u00f3fona<\/p>\n\n\n\n<p><a href=\"https:\/\/www.ipcb.pt\/rui-miguel-silva-sampaio-dias\" data-type=\"URL\" data-id=\"https:\/\/www.ipcb.pt\/rui-miguel-silva-sampaio-dias\" target=\"_blank\" rel=\"noreferrer noopener\">Rui Dias<\/a> | Polytechnic Institute of Castelo Branco<\/p>\n\n\n\n<p><a rel=\"noreferrer noopener\" href=\"https:\/\/www.utad.pt\/engenharias\/inicio\/salviano-soares\/\" data-type=\"URL\" data-id=\"https:\/\/www.utad.pt\/engenharias\/inicio\/salviano-soares\/\" target=\"_blank\">Salviano Soares<\/a> | University of Tr\u00e1s-os-Montes and Alto Douro<\/p>\n\n\n\n<p><a href=\"https:\/\/rtf.utexas.edu\/faculty\/simon-quiroz\" data-type=\"URL\" data-id=\"https:\/\/rtf.utexas.edu\/faculty\/simon-quiroz\" target=\"_blank\" rel=\"noreferrer noopener\">Simon Quiroz<\/a> | University of Austin<\/p>\n\n\n\n<p><a rel=\"noreferrer noopener\" href=\"https:\/\/esecs.ipportalegre.pt\/pt\/recursos\/os-nossos-docentes\/docente\/?id=22223\" data-type=\"URL\" data-id=\"https:\/\/esecs.ipportalegre.pt\/pt\/recursos\/os-nossos-docentes\/docente\/?id=22223\" target=\"_blank\">Susana<\/a><a href=\"https:\/\/esecs.ipportalegre.pt\/pt\/recursos\/os-nossos-docentes\/docente\/?id=22223\" data-type=\"URL\" data-id=\"https:\/\/esecs.ipportalegre.pt\/pt\/recursos\/os-nossos-docentes\/docente\/?id=22223\" target=\"_blank\" rel=\"noreferrer noopener\"> Porto<\/a> | Polytechnic Institute of Portalegre<\/p>\n\n\n\n<p><a href=\"https:\/\/www.uevora.pt\/pessoas?id=27596\" data-type=\"URL\" data-id=\"https:\/\/www.uevora.pt\/pessoas?id=27596\" target=\"_blank\" rel=\"noreferrer noopener\">Teresa Veiga Furtado<\/a> | CHAIA &#8211; UE<\/p>\n\n\n\n<p><a href=\"https:\/\/www.ubi.pt\/Pessoa\/tiago.alves.fernandes\" data-type=\"URL\" data-id=\"https:\/\/www.ubi.pt\/Pessoa\/tiago.alves.fernandes\" target=\"_blank\" rel=\"noreferrer noopener\">Tiago Fernandes<\/a> | University of Beira Interior<\/p>\n\n\n\n<p><a href=\"https:\/\/staging.esadidea.pt\/pt\/team\/tome-quadros\" data-type=\"URL\" data-id=\"https:\/\/staging.esadidea.pt\/pt\/team\/tome-quadros\" target=\"_blank\" rel=\"noreferrer noopener\">Tom\u00e9 Quadros<\/a> | ESAD-IDEA<\/p>\n\n\n\n<p><a rel=\"noreferrer noopener\" href=\"https:\/\/estg.ipportalegre.pt\/recursos\/os-nossos-docentes\/docente\/?id=20121\" data-type=\"URL\" data-id=\"https:\/\/estg.ipportalegre.pt\/recursos\/os-nossos-docentes\/docente\/?id=20121\" target=\"_blank\">Vanda Correia<\/a> | IPP-ESTG, GII<\/p>\n\n\n\n<p><a href=\"https:\/\/www.vitorjoaquim.pt\/\" data-type=\"URL\" data-id=\"https:\/\/www.vitorjoaquim.pt\/\" target=\"_blank\" rel=\"noreferrer noopener\">Vitor Joaquim<\/a> | CITAR<\/p>\n","protected":false},"excerpt":{"rendered":"<p>Organizing Committee Jo\u00e3o Cordeiro | IPP-ESTG, IPT-Techn&amp;Art, UCP-CITAR Magda Cordas | IPP-ESTG, GII Scientific Committee<\/p>\n","protected":false},"author":1,"featured_media":0,"parent":0,"menu_order":0,"comment_status":"closed","ping_status":"closed","template":"","meta":{"footnotes":""},"class_list":["post-39","page","type-page","status-publish","hentry"],"_links":{"self":[{"href":"https:\/\/multimodus.ipportalegre.pt\/2022\/wp-json\/wp\/v2\/pages\/39","targetHints":{"allow":["GET"]}}],"collection":[{"href":"https:\/\/multimodus.ipportalegre.pt\/2022\/wp-json\/wp\/v2\/pages"}],"about":[{"href":"https:\/\/multimodus.ipportalegre.pt\/2022\/wp-json\/wp\/v2\/types\/page"}],"author":[{"embeddable":true,"href":"https:\/\/multimodus.ipportalegre.pt\/2022\/wp-json\/wp\/v2\/users\/1"}],"replies":[{"embeddable":true,"href":"https:\/\/multimodus.ipportalegre.pt\/2022\/wp-json\/wp\/v2\/comments?post=39"}],"version-history":[{"count":28,"href":"https:\/\/multimodus.ipportalegre.pt\/2022\/wp-json\/wp\/v2\/pages\/39\/revisions"}],"predecessor-version":[{"id":479,"href":"https:\/\/multimodus.ipportalegre.pt\/2022\/wp-json\/wp\/v2\/pages\/39\/revisions\/479"}],"wp:attachment":[{"href":"https:\/\/multimodus.ipportalegre.pt\/2022\/wp-json\/wp\/v2\/media?parent=39"}],"curies":[{"name":"wp","href":"https:\/\/api.w.org\/{rel}","templated":true}]}}